{"id":193,"date":"2024-12-29T16:39:23","date_gmt":"2024-12-29T15:39:23","guid":{"rendered":"http:\/\/mediaart.home.pl\/autoinstalator\/wordpressplugins1\/?page_id=193"},"modified":"2024-12-29T23:10:35","modified_gmt":"2024-12-29T22:10:35","slug":"test","status":"publish","type":"page","link":"https:\/\/sebiknieruchomosci.pl\/index.php\/test\/","title":{"rendered":"Home"},"content":{"rendered":" <form class=\"hp-form--wide hp-form--primary hp-block hp-form hp-form--listing-search\" action=\"https:\/\/sebiknieruchomosci.pl\" method=\"GET\" data-component=\"form\"><div class=\"hp-form__messages\" data-component=\"messages\"><\/div><div class=\"hp-form__fields\"><input type=\"hidden\" name=\"post_type\" value=\"hp_listing\" class=\"hp-field hp-field--hidden\"><input type=\"hidden\" name=\"latitude\" value=\"\" data-coordinate=\"lat\" class=\"hp-field hp-field--hidden\"><input type=\"hidden\" name=\"longitude\" value=\"\" data-coordinate=\"lng\" class=\"hp-field hp-field--hidden\"><input type=\"hidden\" name=\"_region\" value=\"\" data-region=\"data-region\" class=\"hp-field hp-field--hidden\"><select name=\"_category\" class=\"hp-field hp-field--hidden\"><option value=\"\">Wszystkie kategorie<\/option><option value=\"2\">Domy<\/option><option value=\"53\" data-level=\"1\" data-parent=\"2\">Domy na sprzeda\u017c<\/option><option value=\"52\" data-level=\"1\" data-parent=\"2\">Domy pod wynajem<\/option><option value=\"54\" data-level=\"1\" data-parent=\"2\">Domy na sprzeda\u017c lub wynajem<\/option><option value=\"3\">Dzia\u0142ki<\/option><option value=\"4\">Mieszkania<\/option><option value=\"51\" data-level=\"1\" data-parent=\"4\">Mieszkania na sprzeda\u017c<\/option><option value=\"50\" data-level=\"1\" data-parent=\"4\">Mieszkania pod wynajem<\/option><option value=\"55\" data-level=\"1\" data-parent=\"4\">Mieszkania na sprzeda\u017c lub wynajem<\/option><option value=\"5\">Pozosta\u0142e<\/option><\/select><input type=\"hidden\" name=\"s\" value=\"\" class=\"hp-field hp-field--hidden\"><div class=\"hp-form__field hp-form__field--location\"><div data-format=\"\" data-scatter=\"true\" data-countries=\"[&quot;PL&quot;]\" data-region-types=\"[&quot;locality&quot;,&quot;administrative_area_level_2&quot;,&quot;administrative_area_level_1&quot;,&quot;country&quot;]\" data-component=\"location\" class=\"hp-field hp-field--location\"><input type=\"text\" name=\"location\" value=\"\" autocomplete=\"off\" placeholder=\"Lokalizacja\" maxlength=\"256\" class=\"hp-field hp-field--text\"><a href=\"#\" title=\"Zlokalizuj mnie\"><i class=\"hp-icon fas fa-location-arrow\"><\/i><\/a><\/div><\/div><\/div><div class=\"hp-form__footer\"><button type=\"submit\" class=\"hp-form__button button-primary alt button hp-field hp-field--submit\"><span>Szukaj<\/span><\/button><\/div><\/form>\n\n\n<h2 class=\"wp-block-heading has-text-align-center content-title\">Oferty nieruchomo\u015bci<\/h2>\n\n\n <div class=\"hp-listing-categories hp-grid hp-block\"><div class=\"hp-row\"><div class=\"hp-grid__item hp-col-sm-3 hp-col-xs-12\"><article class=\"hp-listing-category hp-listing-category--view-block\"><header class=\"hp-listing-category__header\"><div class=\"hp-listing-category__image\">\n\t<a href=\"https:\/\/sebiknieruchomosci.pl\/index.php\/listing-category\/domy\/\">\n\t\t\t\t\t<img decoding=\"async\" src=\"https:\/\/sebiknieruchomosci.pl\/wp-content\/uploads\/2024\/12\/domy-scaled.jpg\" alt=\"Domy\" loading=\"lazy\">\n\t\t\t<\/a>\n<\/div>\n<div class=\"hp-listing-category__item-count hp-listing-category__count\">2 og\u0142oszenia<\/div>\n<\/header><div class=\"hp-listing-category__content\"><h3 class=\"hp-listing-category__name\"><a href=\"https:\/\/sebiknieruchomosci.pl\/index.php\/listing-category\/domy\/\">Domy<\/a>\n<\/h3><div class=\"hp-listing-category__details hp-listing-category__details--primary\"><\/div><\/div><\/article><\/div><div class=\"hp-grid__item hp-col-sm-3 hp-col-xs-12\"><article class=\"hp-listing-category hp-listing-category--view-block\"><header class=\"hp-listing-category__header\"><div class=\"hp-listing-category__image\">\n\t<a href=\"https:\/\/sebiknieruchomosci.pl\/index.php\/listing-category\/dzialki\/\">\n\t\t\t\t\t<img decoding=\"async\" src=\"https:\/\/sebiknieruchomosci.pl\/wp-content\/uploads\/2024\/12\/dzialki.jpg\" alt=\"Dzia\u0142ki\" loading=\"lazy\">\n\t\t\t<\/a>\n<\/div>\n<div class=\"hp-listing-category__item-count hp-listing-category__count\">1 og\u0142oszenie<\/div>\n<\/header><div class=\"hp-listing-category__content\"><h3 class=\"hp-listing-category__name\"><a href=\"https:\/\/sebiknieruchomosci.pl\/index.php\/listing-category\/dzialki\/\">Dzia\u0142ki<\/a>\n<\/h3><div class=\"hp-listing-category__details hp-listing-category__details--primary\"><\/div><\/div><\/article><\/div><div class=\"hp-grid__item hp-col-sm-3 hp-col-xs-12\"><article class=\"hp-listing-category hp-listing-category--view-block\"><header class=\"hp-listing-category__header\"><div class=\"hp-listing-category__image\">\n\t<a href=\"https:\/\/sebiknieruchomosci.pl\/index.php\/listing-category\/mieszkania\/\">\n\t\t\t\t\t<img decoding=\"async\" src=\"https:\/\/sebiknieruchomosci.pl\/wp-content\/uploads\/2024\/12\/mieszkania-scaled.jpg\" alt=\"Mieszkania\" loading=\"lazy\">\n\t\t\t<\/a>\n<\/div>\n<div class=\"hp-listing-category__item-count hp-listing-category__count\">0 og\u0142osze\u0144<\/div>\n<\/header><div class=\"hp-listing-category__content\"><h3 class=\"hp-listing-category__name\"><a href=\"https:\/\/sebiknieruchomosci.pl\/index.php\/listing-category\/mieszkania\/\">Mieszkania<\/a>\n<\/h3><div class=\"hp-listing-category__details hp-listing-category__details--primary\"><\/div><\/div><\/article><\/div><div class=\"hp-grid__item hp-col-sm-3 hp-col-xs-12\"><article class=\"hp-listing-category hp-listing-category--view-block\"><header class=\"hp-listing-category__header\"><div class=\"hp-listing-category__image\">\n\t<a href=\"https:\/\/sebiknieruchomosci.pl\/index.php\/listing-category\/pozostale\/\">\n\t\t\t\t\t<img decoding=\"async\" src=\"https:\/\/sebiknieruchomosci.pl\/wp-content\/uploads\/2024\/12\/pozostale-scaled.jpg\" alt=\"Pozosta\u0142e\" loading=\"lazy\">\n\t\t\t<\/a>\n<\/div>\n<div class=\"hp-listing-category__item-count hp-listing-category__count\">0 og\u0142osze\u0144<\/div>\n<\/header><div class=\"hp-listing-category__content\"><h3 class=\"hp-listing-category__name\"><a href=\"https:\/\/sebiknieruchomosci.pl\/index.php\/listing-category\/pozostale\/\">Pozosta\u0142e<\/a>\n<\/h3><div class=\"hp-listing-category__details hp-listing-category__details--primary\"><\/div><\/div><\/article><\/div><\/div><\/div>\n\n\n<h2 class=\"wp-block-heading has-text-align-center content-title\">Og\u0142oszenia premium<\/h2>\n\n\n \n\n\n<h2 class=\"wp-block-heading has-text-align-center content-title\">Pozosta\u0142e og\u0142oszenia<\/h2>\n\n\n <div class=\"hp-listings hp-block hp-grid\"><div class=\"hp-row\"><div class=\"hp-grid__item hp-col-sm-3 hp-col-xs-12\"><article class=\"hp-listing hp-listing--view-block\"><header class=\"hp-listing__header\"><div class=\"hp-listing__image\" data-component=\"carousel-slider\" data-preview=\"false\" data-aspect-ratio=\"\" data-url=\"https:\/\/sebiknieruchomosci.pl\/index.php\/listing\/dzialka-w-mucznem\/\">\n\t\t\t<a href=\"https:\/\/sebiknieruchomosci.pl\/index.php\/listing\/dzialka-w-mucznem\/\">\n\t\t\t\t\t\t\t<img decoding=\"async\" src=\"https:\/\/sebiknieruchomosci.pl\/wp-content\/uploads\/2025\/07\/wysranki-400x300.jpg\" alt=\"Dzia\u0142ka w Mucznem\" loading=\"lazy\">\n\t\t\t\t\t<\/a>\n\t<\/div>\n<\/header><div class=\"hp-listing__content\">\t<div class=\"hp-listing__categories hp-listing__category\">\n\t\t\t\t\t<a href=\"https:\/\/sebiknieruchomosci.pl\/index.php\/listing-category\/dzialki\/\">Dzia\u0142ki<\/a>\n\t\t\t<\/div>\n\t<h4 class=\"hp-listing__title\"><a href=\"https:\/\/sebiknieruchomosci.pl\/index.php\/listing\/dzialka-w-mucznem\/\">Dzia\u0142ka w Mucznem<\/a>\n<\/h4><div class=\"hp-listing__details hp-listing__details--primary\">\t<div class=\"hp-listing__location\">\n\t\t<i class=\"hp-icon fas fa-map-marker-alt\"><\/i>\n\t\t\t\t\t<span>Muczne, Powiat bieszczadzki, Wojew\u00f3dztwo podkarpackie, Polska<\/span>\n\t\t\t<\/div>\n\t<time class=\"hp-listing__created-date hp-listing__date hp-meta\" datetime=\"2025-07-10 11:39:37\">\n\tDodane 2025-07-10<\/time>\n<\/div><div class=\"hp-block hp-listing__attributes hp-listing__attributes--secondary\"><div class=\"hp-row\"><div class=\"hp-col-lg-6 hp-col-xs-12\"><div class=\"hp-listing__attribute hp-listing__attribute--pow-dzialki\"><b>Pow. dzia\u0142ki:<\/b> 40,00 ar<\/div><\/div><\/div><\/div><\/div><footer class=\"hp-listing__footer\"><div class=\"hp-block hp-listing__attributes hp-listing__attributes--primary\"><div class=\"hp-listing__attribute hp-listing__attribute--cena\"><strong>Cena<\/strong>: 400&nbsp;000 z\u0142<\/div><\/div><div class=\"hp-listing__actions hp-listing__actions--primary\"><\/div><\/footer><\/article><\/div><div class=\"hp-grid__item hp-col-sm-3 hp-col-xs-12\"><article class=\"hp-listing hp-listing--view-block\"><header class=\"hp-listing__header\"><div class=\"hp-listing__image\" data-component=\"carousel-slider\" data-preview=\"false\" data-aspect-ratio=\"\" data-url=\"https:\/\/sebiknieruchomosci.pl\/index.php\/listing\/dom-na-wynajem-lesko-ul-spokojna\/\">\n\t\t\t\t\t<img decoding=\"async\" src=\"https:\/\/sebiknieruchomosci.pl\/wp-content\/uploads\/2025\/07\/images-1.jpg\" alt=\"Dom na wynajem - Lesko, ul. Spokojna\" loading=\"lazy\">\n\t\t\t\t\t\t\t\t<img decoding=\"async\" src=\"https:\/\/sebiknieruchomosci.pl\/wp-content\/uploads\/2025\/07\/IMG_9214-Pano-400x300.jpg\" alt=\"Dom na wynajem - Lesko, ul. Spokojna\" loading=\"lazy\">\n\t\t\t\t\t\t\t\t<img decoding=\"async\" src=\"https:\/\/sebiknieruchomosci.pl\/wp-content\/uploads\/2025\/07\/mieszkania-400x300.jpg\" alt=\"Dom na wynajem - Lesko, ul. Spokojna\" loading=\"lazy\">\n\t\t\t\t<\/div>\n<\/header><div class=\"hp-listing__content\">\t<div class=\"hp-listing__categories hp-listing__category\">\n\t\t\t\t\t<a href=\"https:\/\/sebiknieruchomosci.pl\/index.php\/listing-category\/domy-pod-wynajem\/\">Domy pod wynajem<\/a>\n\t\t\t<\/div>\n\t<h4 class=\"hp-listing__title\"><a href=\"https:\/\/sebiknieruchomosci.pl\/index.php\/listing\/dom-na-wynajem-lesko-ul-spokojna\/\">Dom na wynajem &#8211; Lesko, ul. Spokojna<\/a>\n<\/h4><div class=\"hp-listing__details hp-listing__details--primary\">\t<div class=\"hp-listing__location\">\n\t\t<i class=\"hp-icon fas fa-map-marker-alt\"><\/i>\n\t\t\t\t\t<span>Spokojna, Lesko, Powiat leski, Wojew\u00f3dztwo podkarpackie, Polska<\/span>\n\t\t\t<\/div>\n\t<time class=\"hp-listing__created-date hp-listing__date hp-meta\" datetime=\"2025-07-10 11:32:42\">\n\tDodane 2025-07-10<\/time>\n<\/div><div class=\"hp-block hp-listing__attributes hp-listing__attributes--secondary\"><div class=\"hp-row\"><div class=\"hp-col-lg-6 hp-col-xs-12\"><div class=\"hp-listing__attribute hp-listing__attribute--pow-dzialki\"><b>Pow. dzia\u0142ki:<\/b> 21,00 ar<\/div><\/div><div class=\"hp-col-lg-6 hp-col-xs-12\"><div class=\"hp-listing__attribute hp-listing__attribute--powierzchnia\"><b>Pow. u\u017cytkowa:<\/b> 120,00 m\u00b2<\/div><\/div><\/div><\/div><\/div><footer class=\"hp-listing__footer\"><div class=\"hp-block hp-listing__attributes hp-listing__attributes--primary\"><div class=\"hp-listing__attribute hp-listing__attribute--cena-najmu\"><strong>Cena najmu<\/strong>: 2&nbsp;300 z\u0142\/mc<\/div><\/div><div class=\"hp-listing__actions hp-listing__actions--primary\"><\/div><\/footer><\/article><\/div><div class=\"hp-grid__item hp-col-sm-3 hp-col-xs-12\"><article class=\"hp-listing hp-listing--view-block\"><header class=\"hp-listing__header\"><div class=\"hp-listing__image\" data-component=\"carousel-slider\" data-preview=\"false\" data-aspect-ratio=\"\" data-url=\"https:\/\/sebiknieruchomosci.pl\/index.php\/listing\/dom-na-sprzedaz-ul-lipinskiego\/\">\n\t\t\t\t\t<img decoding=\"async\" src=\"https:\/\/sebiknieruchomosci.pl\/wp-content\/uploads\/2025\/07\/DWOR_W_WYSOKIEJ_fot._M._Klag_MIK_2001_3534918832-400x300.jpg\" alt=\"Dom na sprzeda\u017c, ul. Lipi\u0144skiego\" loading=\"lazy\">\n\t\t\t\t\t\t\t\t<img decoding=\"async\" src=\"https:\/\/sebiknieruchomosci.pl\/wp-content\/uploads\/2025\/07\/garaz-400x300.jpg\" alt=\"Dom na sprzeda\u017c, ul. Lipi\u0144skiego\" loading=\"lazy\">\n\t\t\t\t<\/div>\n<\/header><div class=\"hp-listing__content\">\t<div class=\"hp-listing__categories hp-listing__category\">\n\t\t\t\t\t<a href=\"https:\/\/sebiknieruchomosci.pl\/index.php\/listing-category\/domy-na-sprzedaz\/\">Domy na sprzeda\u017c<\/a>\n\t\t\t<\/div>\n\t<h4 class=\"hp-listing__title\"><a href=\"https:\/\/sebiknieruchomosci.pl\/index.php\/listing\/dom-na-sprzedaz-ul-lipinskiego\/\">Dom na sprzeda\u017c, ul. Lipi\u0144skiego<\/a>\n<\/h4><div class=\"hp-listing__details hp-listing__details--primary\">\t<div class=\"hp-listing__location\">\n\t\t<i class=\"hp-icon fas fa-map-marker-alt\"><\/i>\n\t\t\t\t\t<span>Lipi\u0144skiego, Sanok, Powiat sanocki, Wojew\u00f3dztwo podkarpackie, Polska<\/span>\n\t\t\t<\/div>\n\t<time class=\"hp-listing__created-date hp-listing__date hp-meta\" datetime=\"2025-07-10 11:22:20\">\n\tDodane 2025-07-10<\/time>\n<\/div><div class=\"hp-block hp-listing__attributes hp-listing__attributes--secondary\"><div class=\"hp-row\"><div class=\"hp-col-lg-6 hp-col-xs-12\"><div class=\"hp-listing__attribute hp-listing__attribute--pow-dzialki\"><b>Pow. dzia\u0142ki:<\/b> 11,00 ar<\/div><\/div><div class=\"hp-col-lg-6 hp-col-xs-12\"><div class=\"hp-listing__attribute hp-listing__attribute--powierzchnia\"><b>Pow. u\u017cytkowa:<\/b> 137,00 m\u00b2<\/div><\/div><\/div><\/div><\/div><footer class=\"hp-listing__footer\"><div class=\"hp-block hp-listing__attributes hp-listing__attributes--primary\"><div class=\"hp-listing__attribute hp-listing__attribute--cena\"><strong>Cena<\/strong>: 732&nbsp;000 z\u0142<\/div><\/div><div class=\"hp-listing__actions hp-listing__actions--primary\"><\/div><\/footer><\/article><\/div><\/div><\/div>","protected":false},"excerpt":{"rendered":"<p>Oferty nieruchomo\u015bci Og\u0142oszenia premium Pozosta\u0142e og\u0142oszenia<\/p>\n","protected":false},"author":1,"featured_media":10,"parent":0,"menu_order":0,"comment_status":"closed","ping_status":"closed","template":"","meta":{"footnotes":""},"class_list":["post-193","page","type-page","status-publish","has-post-thumbnail","hentry"],"_links":{"self":[{"href":"https:\/\/sebiknieruchomosci.pl\/index.php\/wp-json\/wp\/v2\/pages\/193","targetHints":{"allow":["GET"]}}],"collection":[{"href":"https:\/\/sebiknieruchomosci.pl\/index.php\/wp-json\/wp\/v2\/pages"}],"about":[{"href":"https:\/\/sebiknieruchomosci.pl\/index.php\/wp-json\/wp\/v2\/types\/page"}],"author":[{"embeddable":true,"href":"https:\/\/sebiknieruchomosci.pl\/index.php\/wp-json\/wp\/v2\/users\/1"}],"replies":[{"embeddable":true,"href":"https:\/\/sebiknieruchomosci.pl\/index.php\/wp-json\/wp\/v2\/comments?post=193"}],"version-history":[{"count":7,"href":"https:\/\/sebiknieruchomosci.pl\/index.php\/wp-json\/wp\/v2\/pages\/193\/revisions"}],"predecessor-version":[{"id":238,"href":"https:\/\/sebiknieruchomosci.pl\/index.php\/wp-json\/wp\/v2\/pages\/193\/revisions\/238"}],"wp:featuredmedia":[{"embeddable":true,"href":"https:\/\/sebiknieruchomosci.pl\/index.php\/wp-json\/wp\/v2\/media\/10"}],"wp:attachment":[{"href":"https:\/\/sebiknieruchomosci.pl\/index.php\/wp-json\/wp\/v2\/media?parent=193"}],"curies":[{"name":"wp","href":"https:\/\/api.w.org\/{rel}","templated":true}]}}